{"id":41,"date":"2015-07-20T00:46:00","date_gmt":"2015-07-19T22:46:00","guid":{"rendered":"http:\/\/wp15.tc-solvay-rheinberg.de\/?page_id=41"},"modified":"2018-09-11T00:47:29","modified_gmt":"2018-09-10T22:47:29","slug":"medenspiele","status":"publish","type":"page","link":"https:\/\/www.tc-solvay-rheinberg.de\/?page_id=41","title":{"rendered":"Mannschaften und Medenspiele"},"content":{"rendered":"<p style=\"text-align: justify;\">Tennis ist nicht nur Einzelsport, sondern auch Mannschaftssport im Verein. Sowohl bei den Damen, als auch bei den Herren haben wir Mannschaften in verschiedenen Altersklassen, die regelm\u00e4\u00dfig gemeinsam trainieren und w\u00e4hrend der Medensaison im Sommer und teils auch im Winter an den Spielrunden des Tennisverbandes teilnehmen. Dar\u00fcber hinaus finden auch weitere gemeinsame Aktivit\u00e4ten, wie Fahrradtouren, Kegelabende, Flutlichtturniere und andere, statt. Die Senioren treffen sich in der Regel zweimal in der Woche vormittags um gemeinsam Tennis zu spielen und anschlie\u00dfend zusammen zu sitzen und zu kl\u00f6nen.<\/p>\n<p style=\"text-align: justify;\">N\u00e4here Ausk\u00fcnfte zu den Mannschaften gibt es auf den weiteren Seiten oder beim Sportwart.<\/p>\n<p>&nbsp;<\/p>\n<p>&lt;&lt;&lt; <strong>Aktu<a href=\"http:\/\/www.tc-solvay-rheinberg.de\/?cat=2\"><img loading=\"lazy\" decoding=\"async\" class=\"alignleft wp-image-158 size-full\" src=\"http:\/\/www.tc-solvay-rheinberg.de\/wp-content\/uploads\/2015\/07\/icon_medenberichte.png\" alt=\"\" width=\"203\" height=\"100\" srcset=\"https:\/\/www.tc-solvay-rheinberg.de\/wp-content\/uploads\/2015\/07\/icon_medenberichte.png 203w, https:\/\/www.tc-solvay-rheinberg.de\/wp-content\/uploads\/2015\/07\/icon_medenberichte-150x74.png 150w\" sizes=\"auto, (max-width: 203px) 100vw, 203px\" \/><\/a>elle Beitr\u00e4ge zu unseren Mannschaften und dem Saisonverlauf gibt es hier.<\/strong><\/p>\n<p>&nbsp;<\/p>\n<p>&nbsp;<\/p>\n<p><a href=\"http:\/\/tvn.liga.nu\/\" target=\"_blank\"><img loading=\"lazy\" decoding=\"async\" class=\"alignleft wp-image-113\" src=\"http:\/\/www.tc-solvay-rheinberg.de\/wp-content\/uploads\/2015\/07\/logo_tvn193x189.jpg\" alt=\"\" width=\"102\" height=\"100\" srcset=\"https:\/\/www.tc-solvay-rheinberg.de\/wp-content\/uploads\/2015\/07\/logo_tvn193x189.jpg 193w, https:\/\/www.tc-solvay-rheinberg.de\/wp-content\/uploads\/2015\/07\/logo_tvn193x189-150x147.jpg 150w\" sizes=\"auto, (max-width: 102px) 100vw, 102px\" \/><\/a>&lt;&lt;&lt; Die Ergebnisse der Medenspiele kann man beim Tennisverband Niederrhein abrufen. \u00dcber unsere Vereinsnummer 1107 findet man alles ganz leicht.<\/p>\n<p>&nbsp;<\/p>\n<p>&nbsp;<\/p>\n<p><a href=\"http:\/\/tennis-bezirk1.de\/\" target=\"_blank\"><img loading=\"lazy\" decoding=\"async\" class=\"alignleft wp-image-214 size-full\" src=\"http:\/\/www.tc-solvay-rheinberg.de\/wp-content\/uploads\/2015\/07\/logo_tennis_bezirk175x100.png\" alt=\"\" width=\"175\" height=\"100\" srcset=\"https:\/\/www.tc-solvay-rheinberg.de\/wp-content\/uploads\/2015\/07\/logo_tennis_bezirk175x100.png 175w, https:\/\/www.tc-solvay-rheinberg.de\/wp-content\/uploads\/2015\/07\/logo_tennis_bezirk175x100-150x86.png 150w\" sizes=\"auto, (max-width: 175px) 100vw, 175px\" \/><\/a>&lt;&lt;&lt; Aufstiegs- und Abstiegspl\u00e4ne, sowie weitere Infos f\u00fcr die Mannaschaften auf Bezirksebene.<\/p>\n","protected":false},"excerpt":{"rendered":"<p>Tennis ist nicht nur Einzelsport, sondern auch Mannschaftssport im Verein. Sowohl bei den Damen, als auch bei den Herren haben wir Mannschaften in verschiedenen Altersklassen, die regelm\u00e4\u00dfig gemeinsam trainieren und w\u00e4hrend der Medensaison im Sommer und teils auch im Winter an den Spielrunden des Tennisverbandes teilnehmen. Dar\u00fcber hinaus finden auch weitere gemeinsame Aktivit\u00e4ten, wie Fahrradtouren, [&hellip;]<\/p>\n","protected":false},"author":1,"featured_media":112,"parent":32,"menu_order":1,"comment_status":"closed","ping_status":"closed","template":"","meta":{"footnotes":""},"class_list":["post-41","page","type-page","status-publish","has-post-thumbnail","hentry"],"_links":{"self":[{"href":"https:\/\/www.tc-solvay-rheinberg.de\/index.php?rest_route=\/wp\/v2\/pages\/41","targetHints":{"allow":["GET"]}}],"collection":[{"href":"https:\/\/www.tc-solvay-rheinberg.de\/index.php?rest_route=\/wp\/v2\/pages"}],"about":[{"href":"https:\/\/www.tc-solvay-rheinberg.de\/index.php?rest_route=\/wp\/v2\/types\/page"}],"author":[{"embeddable":true,"href":"https:\/\/www.tc-solvay-rheinberg.de\/index.php?rest_route=\/wp\/v2\/users\/1"}],"replies":[{"embeddable":true,"href":"https:\/\/www.tc-solvay-rheinberg.de\/index.php?rest_route=%2Fwp%2Fv2%2Fcomments&post=41"}],"version-history":[{"count":21,"href":"https:\/\/www.tc-solvay-rheinberg.de\/index.php?rest_route=\/wp\/v2\/pages\/41\/revisions"}],"predecessor-version":[{"id":982,"href":"https:\/\/www.tc-solvay-rheinberg.de\/index.php?rest_route=\/wp\/v2\/pages\/41\/revisions\/982"}],"up":[{"embeddable":true,"href":"https:\/\/www.tc-solvay-rheinberg.de\/index.php?rest_route=\/wp\/v2\/pages\/32"}],"wp:featuredmedia":[{"embeddable":true,"href":"https:\/\/www.tc-solvay-rheinberg.de\/index.php?rest_route=\/wp\/v2\/media\/112"}],"wp:attachment":[{"href":"https:\/\/www.tc-solvay-rheinberg.de\/index.php?rest_route=%2Fwp%2Fv2%2Fmedia&parent=41"}],"curies":[{"name":"wp","href":"https:\/\/api.w.org\/{rel}","templated":true}]}}