{"id":24,"date":"2015-07-19T20:03:09","date_gmt":"2015-07-19T18:03:09","guid":{"rendered":"http:\/\/wp15.tc-solvay-rheinberg.de\/?page_id=24"},"modified":"2023-05-04T16:27:51","modified_gmt":"2023-05-04T14:27:51","slug":"vorstand","status":"publish","type":"page","link":"https:\/\/www.tc-solvay-rheinberg.de\/?page_id=24","title":{"rendered":"Vorstand"},"content":{"rendered":"<h4>Seit April 2023 amtierender Vorstand:<\/h4>\n<p><strong>1. Vorsitzender Stefan Christ<\/strong><br \/>\nRheinackerstra\u00dfe 9<br \/>\n47495 Rheinberg<br \/>\nMobil 0171 5888119<br \/>\nvorstand@<\/p>\n<p><strong>2. Vorsitzender Erik Na\u00df<\/strong><br \/>\nMobil 0175 5838298<br \/>\nvorstand2@<\/p>\n<p><strong>Gesch\u00e4ftsf\u00fchrerin Undine Ga\u00dfling<\/strong><br \/>\nMobil 0172 2776604<br \/>\ngeschaeftsfuehrung@<\/p>\n<p><strong>Schatzmeister Pascal Maly<\/strong><br \/>\nMobil 0172 9742143<br \/>\nschatzmeister@<\/p>\n<p><strong>Sportwart Marcel Maly<\/strong><br \/>\nMobil 0157 88995821<br \/>\nsportwart@<\/p>\n<p><strong>2. Sportwart Kevin Rauchel<\/strong><br \/>\nMobil 0172 7490043<br \/>\nsportwart@<\/p>\n<p><strong>Jugendwartin Heike Wiedig<\/strong><br \/>\nMobil 0173 7085988<br \/>\njugendwart@<\/p>\n<p>Alle Vorstandsmitglieder sind per Email erreichbar. Bitte die Emailadresse dazu nach dem @ um die Domain <em>tc-solvay-rheinberg.de<\/em> erweitern.<\/p>\n","protected":false},"excerpt":{"rendered":"<p>Seit April 2023 amtierender Vorstand: 1. Vorsitzender Stefan Christ Rheinackerstra\u00dfe 9 47495 Rheinberg Mobil 0171 5888119 vorstand@ 2. Vorsitzender Erik Na\u00df Mobil 0175 5838298 vorstand2@ Gesch\u00e4ftsf\u00fchrerin Undine Ga\u00dfling Mobil 0172 2776604 geschaeftsfuehrung@ Schatzmeister Pascal Maly Mobil 0172 9742143 schatzmeister@ Sportwart Marcel Maly Mobil 0157 88995821 sportwart@ 2. Sportwart Kevin Rauchel Mobil 0172 7490043 sportwart@ Jugendwartin [&hellip;]<\/p>\n","protected":false},"author":1,"featured_media":98,"parent":61,"menu_order":1,"comment_status":"closed","ping_status":"closed","template":"","meta":{"footnotes":""},"class_list":["post-24","page","type-page","status-publish","has-post-thumbnail","hentry"],"_links":{"self":[{"href":"https:\/\/www.tc-solvay-rheinberg.de\/index.php?rest_route=\/wp\/v2\/pages\/24","targetHints":{"allow":["GET"]}}],"collection":[{"href":"https:\/\/www.tc-solvay-rheinberg.de\/index.php?rest_route=\/wp\/v2\/pages"}],"about":[{"href":"https:\/\/www.tc-solvay-rheinberg.de\/index.php?rest_route=\/wp\/v2\/types\/page"}],"author":[{"embeddable":true,"href":"https:\/\/www.tc-solvay-rheinberg.de\/index.php?rest_route=\/wp\/v2\/users\/1"}],"replies":[{"embeddable":true,"href":"https:\/\/www.tc-solvay-rheinberg.de\/index.php?rest_route=%2Fwp%2Fv2%2Fcomments&post=24"}],"version-history":[{"count":20,"href":"https:\/\/www.tc-solvay-rheinberg.de\/index.php?rest_route=\/wp\/v2\/pages\/24\/revisions"}],"predecessor-version":[{"id":1318,"href":"https:\/\/www.tc-solvay-rheinberg.de\/index.php?rest_route=\/wp\/v2\/pages\/24\/revisions\/1318"}],"up":[{"embeddable":true,"href":"https:\/\/www.tc-solvay-rheinberg.de\/index.php?rest_route=\/wp\/v2\/pages\/61"}],"wp:featuredmedia":[{"embeddable":true,"href":"https:\/\/www.tc-solvay-rheinberg.de\/index.php?rest_route=\/wp\/v2\/media\/98"}],"wp:attachment":[{"href":"https:\/\/www.tc-solvay-rheinberg.de\/index.php?rest_route=%2Fwp%2Fv2%2Fmedia&parent=24"}],"curies":[{"name":"wp","href":"https:\/\/api.w.org\/{rel}","templated":true}]}}