{"id":77,"date":"2015-07-20T01:49:59","date_gmt":"2015-07-19T23:49:59","guid":{"rendered":"http:\/\/wp15.tc-solvay-rheinberg.de\/?page_id=77"},"modified":"2016-02-19T10:05:17","modified_gmt":"2016-02-19T09:05:17","slug":"turniere","status":"publish","type":"page","link":"http:\/\/www.tc-solvay-rheinberg.de\/?page_id=77","title":{"rendered":"Ju-Turniere"},"content":{"rendered":"<p style=\"text-align: justify;\"><img loading=\"lazy\" decoding=\"async\" class=\"aligncenter wp-image-309 size-full\" src=\"http:\/\/www.tc-solvay-rheinberg.de\/wp-content\/uploads\/2015\/07\/jugend_stm1.jpg\" alt=\"\" width=\"1250\" height=\"383\" srcset=\"http:\/\/www.tc-solvay-rheinberg.de\/wp-content\/uploads\/2015\/07\/jugend_stm1.jpg 1250w, http:\/\/www.tc-solvay-rheinberg.de\/wp-content\/uploads\/2015\/07\/jugend_stm1-150x46.jpg 150w, http:\/\/www.tc-solvay-rheinberg.de\/wp-content\/uploads\/2015\/07\/jugend_stm1-512x157.jpg 512w\" sizes=\"auto, (max-width: 1250px) 100vw, 1250px\" \/>Eine Medaille, ein Pokal, eine Urkunde, Punkte f\u00fcr die Rangliste oder die Freude am Wettkampf und am Gewinnen motivieren die Kids und Jugendlichen an Turnieren teilzunehmen.<\/p>\n<p style=\"text-align: justify;\">J\u00e4hrlich tragen wir auf unserer Anlage im Sommer die Clubmeisterschaften aus, bei denen alle Kinder und Jugendlichen in ihrer jeweiligen Altersklasse untereinander die Besten im Verein ermitteln. Dies geschieht im Einzel, Doppel und wenn m\u00f6glich auch im Mixed. Weiter finden schon mal andere Turniere wie ein Eltern-Kind-Turnier oder ein Doppel-Turnier im Sommer oder Winter auf unserer Anlage bzw. in der Halle statt.<\/p>\n<p style=\"text-align: justify;\">Alle zwei Jahre geht es zu den st\u00e4dtischen Vergleichen mit den anderen Rheinberger Tennistalenten bei den Jugendstadtmeisterschaften, die immer in den ungeraden Jahren stattfinden und im Wechsel Reihum auf den Pl\u00e4tzen der Rheinberger Vereine.<\/p>\n<p style=\"text-align: justify;\">Spa\u00df und Spiel stehen bei den Ferienturnieren im Tenniskreis Moers im Vordergrund, die in den Sommerferien bei mehreren Vereinen stattfinden. Dazu kommen dann noch f\u00fcr die gr\u00f6\u00dferen Talente die Teilnahme bei den Kreis-, Bezirks- und Verbandsmeisterschaften. Und erfreulicherweise sind einige Solvayanerinnen und Solvayaner bei Jugend-Ranglisten-Turnieren im Teilnehmerfeld und es gab auch dort schon gro\u00dfe Erfolge zu verzeichnen.<\/p>\n<p style=\"text-align: justify;\">Unsere Jugendwartin h\u00e4lt euch mit Informationen auf dem Laufenden, was gerade ansteht. Achtet auf ihre EMails, Aush\u00e4nge, Infoschreiben und Beitr\u00e4ge hier auf der Homepage, damit ihr nichts verpasst. Viel Erfolg und viel Spa\u00df!<\/p>\n<p><a href=\"http:\/\/www.tc-solvay-rheinberg.de\/?cat=11\"><img loading=\"lazy\" decoding=\"async\" class=\"alignleft wp-image-158 size-full\" title=\"Klick f\u00fcr aktuelle Beitr\u00e4ge zu Jugendturnieren\" src=\"http:\/\/www.tc-solvay-rheinberg.de\/wp-content\/uploads\/2015\/07\/icon_medenberichte.png\" alt=\"\" width=\"203\" height=\"100\" srcset=\"http:\/\/www.tc-solvay-rheinberg.de\/wp-content\/uploads\/2015\/07\/icon_medenberichte.png 203w, http:\/\/www.tc-solvay-rheinberg.de\/wp-content\/uploads\/2015\/07\/icon_medenberichte-150x74.png 150w\" sizes=\"auto, (max-width: 203px) 100vw, 203px\" \/><\/a>&lt;&lt;&lt; <strong><a href=\"http:\/\/wp15.tc-solvay-rheinberg.de\/?cat=11\">Aktuelle Beitr\u00e4ge zu Jugendturnieren und Meisterschaften<\/a><\/strong><\/p>\n","protected":false},"excerpt":{"rendered":"<p>Eine Medaille, ein Pokal, eine Urkunde, Punkte f\u00fcr die Rangliste oder die Freude am Wettkampf und am Gewinnen motivieren die Kids und Jugendlichen an Turnieren teilzunehmen. J\u00e4hrlich tragen wir auf unserer Anlage im Sommer die Clubmeisterschaften aus, bei denen alle Kinder und Jugendlichen in ihrer jeweiligen Altersklasse untereinander die Besten im Verein ermitteln. Dies geschieht [&hellip;]<\/p>\n","protected":false},"author":1,"featured_media":307,"parent":30,"menu_order":7,"comment_status":"closed","ping_status":"closed","template":"","meta":{"footnotes":""},"class_list":["post-77","page","type-page","status-publish","has-post-thumbnail","hentry"],"_links":{"self":[{"href":"http:\/\/www.tc-solvay-rheinberg.de\/index.php?rest_route=\/wp\/v2\/pages\/77","targetHints":{"allow":["GET"]}}],"collection":[{"href":"http:\/\/www.tc-solvay-rheinberg.de\/index.php?rest_route=\/wp\/v2\/pages"}],"about":[{"href":"http:\/\/www.tc-solvay-rheinberg.de\/index.php?rest_route=\/wp\/v2\/types\/page"}],"author":[{"embeddable":true,"href":"http:\/\/www.tc-solvay-rheinberg.de\/index.php?rest_route=\/wp\/v2\/users\/1"}],"replies":[{"embeddable":true,"href":"http:\/\/www.tc-solvay-rheinberg.de\/index.php?rest_route=%2Fwp%2Fv2%2Fcomments&post=77"}],"version-history":[{"count":16,"href":"http:\/\/www.tc-solvay-rheinberg.de\/index.php?rest_route=\/wp\/v2\/pages\/77\/revisions"}],"predecessor-version":[{"id":702,"href":"http:\/\/www.tc-solvay-rheinberg.de\/index.php?rest_route=\/wp\/v2\/pages\/77\/revisions\/702"}],"up":[{"embeddable":true,"href":"http:\/\/www.tc-solvay-rheinberg.de\/index.php?rest_route=\/wp\/v2\/pages\/30"}],"wp:featuredmedia":[{"embeddable":true,"href":"http:\/\/www.tc-solvay-rheinberg.de\/index.php?rest_route=\/wp\/v2\/media\/307"}],"wp:attachment":[{"href":"http:\/\/www.tc-solvay-rheinberg.de\/index.php?rest_route=%2Fwp%2Fv2%2Fmedia&parent=77"}],"curies":[{"name":"wp","href":"https:\/\/api.w.org\/{rel}","templated":true}]}}