{"id":68,"date":"2015-07-20T01:38:20","date_gmt":"2015-07-19T23:38:20","guid":{"rendered":"http:\/\/wp15.tc-solvay-rheinberg.de\/?page_id=68"},"modified":"2019-08-15T14:45:56","modified_gmt":"2019-08-15T12:45:56","slug":"anfahrt","status":"publish","type":"page","link":"http:\/\/www.tc-solvay-rheinberg.de\/?page_id=68","title":{"rendered":"Anfahrt"},"content":{"rendered":"<p>Die Anreise zu unserer Platzanlage erfolgt aus allen Richtungen \u00fcber die Xantener Stra\u00dfe (B57).<br \/>\nDer Zugang zur Platzanlage und zur Tennishalle erfolgt \u00fcber die Weststra\u00dfe.<\/p>\n<p><iframe loading=\"lazy\" style=\"border: 0;\" src=\"https:\/\/www.google.com\/maps\/embed?pb=!1m18!1m12!1m3!1d6095.929367313381!2d6.582624041152204!3d51.55928728371991!2m3!1f0!2f0!3f0!3m2!1i1024!2i768!4f13.1!3m3!1m2!1s0x0000000000000000%3A0x5f2a0287b6c00cc0!2sTC+Solvay+Rheinberg!5e0!3m2!1sde!2sde!4v1437441064770\" width=\"600\" height=\"450\" frameborder=\"0\" allowfullscreen=\"allowfullscreen\"><\/iframe><\/p>\n<p>Wir w\u00fcnschen eine gute Anreise.<\/p>\n","protected":false},"excerpt":{"rendered":"<p>Die Anreise zu unserer Platzanlage erfolgt aus allen Richtungen \u00fcber die Xantener Stra\u00dfe (B57). Der Zugang zur Platzanlage und zur Tennishalle erfolgt \u00fcber die Weststra\u00dfe. Wir w\u00fcnschen eine gute Anreise.<\/p>\n","protected":false},"author":1,"featured_media":337,"parent":36,"menu_order":3,"comment_status":"closed","ping_status":"closed","template":"","meta":{"footnotes":""},"class_list":["post-68","page","type-page","status-publish","has-post-thumbnail","hentry"],"_links":{"self":[{"href":"http:\/\/www.tc-solvay-rheinberg.de\/index.php?rest_route=\/wp\/v2\/pages\/68","targetHints":{"allow":["GET"]}}],"collection":[{"href":"http:\/\/www.tc-solvay-rheinberg.de\/index.php?rest_route=\/wp\/v2\/pages"}],"about":[{"href":"http:\/\/www.tc-solvay-rheinberg.de\/index.php?rest_route=\/wp\/v2\/types\/page"}],"author":[{"embeddable":true,"href":"http:\/\/www.tc-solvay-rheinberg.de\/index.php?rest_route=\/wp\/v2\/users\/1"}],"replies":[{"embeddable":true,"href":"http:\/\/www.tc-solvay-rheinberg.de\/index.php?rest_route=%2Fwp%2Fv2%2Fcomments&post=68"}],"version-history":[{"count":5,"href":"http:\/\/www.tc-solvay-rheinberg.de\/index.php?rest_route=\/wp\/v2\/pages\/68\/revisions"}],"predecessor-version":[{"id":1091,"href":"http:\/\/www.tc-solvay-rheinberg.de\/index.php?rest_route=\/wp\/v2\/pages\/68\/revisions\/1091"}],"up":[{"embeddable":true,"href":"http:\/\/www.tc-solvay-rheinberg.de\/index.php?rest_route=\/wp\/v2\/pages\/36"}],"wp:featuredmedia":[{"embeddable":true,"href":"http:\/\/www.tc-solvay-rheinberg.de\/index.php?rest_route=\/wp\/v2\/media\/337"}],"wp:attachment":[{"href":"http:\/\/www.tc-solvay-rheinberg.de\/index.php?rest_route=%2Fwp%2Fv2%2Fmedia&parent=68"}],"curies":[{"name":"wp","href":"https:\/\/api.w.org\/{rel}","templated":true}]}}