{"id":63,"date":"2015-07-20T01:32:44","date_gmt":"2015-07-19T23:32:44","guid":{"rendered":"http:\/\/wp15.tc-solvay-rheinberg.de\/?page_id=63"},"modified":"2021-09-13T14:33:14","modified_gmt":"2021-09-13T12:33:14","slug":"gastronomie","status":"publish","type":"page","link":"http:\/\/www.tc-solvay-rheinberg.de\/?page_id=63","title":{"rendered":"Gastronomie"},"content":{"rendered":"<p style=\"text-align: justify;\"><img loading=\"lazy\" decoding=\"async\" class=\"alignleft wp-image-326\" src=\"http:\/\/www.tc-solvay-rheinberg.de\/wp-content\/uploads\/2015\/07\/gastro_kaffee01-512x341.jpg\" alt=\"\" width=\"300\" height=\"200\" srcset=\"http:\/\/www.tc-solvay-rheinberg.de\/wp-content\/uploads\/2015\/07\/gastro_kaffee01-512x341.jpg 512w, http:\/\/www.tc-solvay-rheinberg.de\/wp-content\/uploads\/2015\/07\/gastro_kaffee01-150x100.jpg 150w, http:\/\/www.tc-solvay-rheinberg.de\/wp-content\/uploads\/2015\/07\/gastro_kaffee01.jpg 640w\" sizes=\"auto, (max-width: 300px) 100vw, 300px\" \/>Im Clubhaus betreibt seit Sommer 2020 ein neues Clubwirte-Paar die Gastronomie.<\/p>\n<p style=\"text-align: justify;\">W\u00e4hrend der Sommersaison ist das Clubhaus in den Nachmittags- und Abendstunden an bestimmten Wochentagen, zu bestimmten Zeiten am Wochenende und zu allen Veranstaltungen des Vereins, wie Medenspielen und Turnieren, ge\u00f6ffnet.<\/p>\n<p style=\"text-align: justify;\"><img loading=\"lazy\" decoding=\"async\" class=\"alignright wp-image-329\" src=\"http:\/\/www.tc-solvay-rheinberg.de\/wp-content\/uploads\/2015\/07\/gastro_fleisch01-512x384.jpg\" alt=\"\" width=\"267\" height=\"200\" srcset=\"http:\/\/www.tc-solvay-rheinberg.de\/wp-content\/uploads\/2015\/07\/gastro_fleisch01-512x384.jpg 512w, http:\/\/www.tc-solvay-rheinberg.de\/wp-content\/uploads\/2015\/07\/gastro_fleisch01-150x113.jpg 150w, http:\/\/www.tc-solvay-rheinberg.de\/wp-content\/uploads\/2015\/07\/gastro_fleisch01.jpg 640w\" sizes=\"auto, (max-width: 267px) 100vw, 267px\" \/>Neben kalten und warmen Getr\u00e4nken besteht dann jederzeit die M\u00f6glichkeit sich mit warmen Speisen aus der K\u00fcche zu st\u00e4rken.<\/p>\n<p style=\"text-align: justify;\">Das Clubhaus mit seinen R\u00e4umlichkeiten im Erdgeschoss und den Terrassen kann \u00fcber den Clubwirt auch f\u00fcr private Feiern angemietet werden.<\/p>\n<p style=\"text-align: justify;\">Die Clubwirte Marlene und Manfred erreicht ihr w\u00e4hrend der Sommersaison zu den genannten Zeiten pers\u00f6nlich im Clubhaus.<\/p>\n<p style=\"text-align: justify;\">\n","protected":false},"excerpt":{"rendered":"<p>Im Clubhaus betreibt seit Sommer 2020 ein neues Clubwirte-Paar die Gastronomie. W\u00e4hrend der Sommersaison ist das Clubhaus in den Nachmittags- und Abendstunden an bestimmten Wochentagen, zu bestimmten Zeiten am Wochenende und zu allen Veranstaltungen des Vereins, wie Medenspielen und Turnieren, ge\u00f6ffnet. Neben kalten und warmen Getr\u00e4nken besteht dann jederzeit die M\u00f6glichkeit sich mit warmen Speisen [&hellip;]<\/p>\n","protected":false},"author":1,"featured_media":326,"parent":36,"menu_order":1,"comment_status":"closed","ping_status":"closed","template":"","meta":{"footnotes":""},"class_list":["post-63","page","type-page","status-publish","has-post-thumbnail","hentry"],"_links":{"self":[{"href":"http:\/\/www.tc-solvay-rheinberg.de\/index.php?rest_route=\/wp\/v2\/pages\/63","targetHints":{"allow":["GET"]}}],"collection":[{"href":"http:\/\/www.tc-solvay-rheinberg.de\/index.php?rest_route=\/wp\/v2\/pages"}],"about":[{"href":"http:\/\/www.tc-solvay-rheinberg.de\/index.php?rest_route=\/wp\/v2\/types\/page"}],"author":[{"embeddable":true,"href":"http:\/\/www.tc-solvay-rheinberg.de\/index.php?rest_route=\/wp\/v2\/users\/1"}],"replies":[{"embeddable":true,"href":"http:\/\/www.tc-solvay-rheinberg.de\/index.php?rest_route=%2Fwp%2Fv2%2Fcomments&post=63"}],"version-history":[{"count":9,"href":"http:\/\/www.tc-solvay-rheinberg.de\/index.php?rest_route=\/wp\/v2\/pages\/63\/revisions"}],"predecessor-version":[{"id":1124,"href":"http:\/\/www.tc-solvay-rheinberg.de\/index.php?rest_route=\/wp\/v2\/pages\/63\/revisions\/1124"}],"up":[{"embeddable":true,"href":"http:\/\/www.tc-solvay-rheinberg.de\/index.php?rest_route=\/wp\/v2\/pages\/36"}],"wp:featuredmedia":[{"embeddable":true,"href":"http:\/\/www.tc-solvay-rheinberg.de\/index.php?rest_route=\/wp\/v2\/media\/326"}],"wp:attachment":[{"href":"http:\/\/www.tc-solvay-rheinberg.de\/index.php?rest_route=%2Fwp%2Fv2%2Fmedia&parent=63"}],"curies":[{"name":"wp","href":"https:\/\/api.w.org\/{rel}","templated":true}]}}