{"id":61,"date":"2015-07-20T01:17:02","date_gmt":"2015-07-19T23:17:02","guid":{"rendered":"http:\/\/wp15.tc-solvay-rheinberg.de\/?page_id=61"},"modified":"2023-05-04T15:08:21","modified_gmt":"2023-05-04T13:08:21","slug":"club","status":"publish","type":"page","link":"http:\/\/www.tc-solvay-rheinberg.de\/?page_id=61","title":{"rendered":"Club"},"content":{"rendered":"<p style=\"text-align: center;\">Viele aktive Tennisspielerinnen und Spieler in unterschiedlichen Altersklassen und Spielst\u00e4rken, viele Kinder und Jugendliche im Training einer tollen Tennisschule,<\/p>\n<p style=\"text-align: center;\">ein lebhaftes Clubleben mit verschiedenen Veranstaltungen, ein besonderes Clubhaus mit Terrasse und professioneller Gastronomie,<\/p>\n<p style=\"text-align: center;\">eine familienfreundliche Beitragsstruktur, 8 Aschepl\u00e4tze und 3 Hallenpl\u00e4tze (Teppich),<\/p>\n<p style=\"text-align: center;\">Kinderspielplatz, \u00dcbungswand, Boueleplatz auf gro\u00dfr\u00e4umiger Platzanlage.<\/p>\n<hr \/>\n<p style=\"text-align: center;\"><span style=\"color: #0000ff;\">HERZLICH WILLKOMMEN BEIM TC SOLVAY RHEINBERG.<\/span><\/p>\n<hr \/>\n<p style=\"text-align: center;\"><a href=\"http:\/\/www.tc-solvay-rheinberg.de\/?cat=8\"><img loading=\"lazy\" decoding=\"async\" class=\"aligncenter wp-image-158 size-full\" title=\"News zum Club\" src=\"http:\/\/www.tc-solvay-rheinberg.de\/wp-content\/uploads\/2015\/07\/icon_medenberichte.png\" alt=\"\" width=\"203\" height=\"100\" srcset=\"http:\/\/www.tc-solvay-rheinberg.de\/wp-content\/uploads\/2015\/07\/icon_medenberichte.png 203w, http:\/\/www.tc-solvay-rheinberg.de\/wp-content\/uploads\/2015\/07\/icon_medenberichte-150x74.png 150w\" sizes=\"auto, (max-width: 203px) 100vw, 203px\" \/><\/a><a href=\"http:\/\/wp15.tc-solvay-rheinberg.de\/?cat=8\"><strong>News und aktuelle Beitr\u00e4ge zu unserem Verein<\/strong><\/a><\/p>\n<p><a href=\"http:\/\/www.tc-solvay-rheinberg.de\/?page_id=26\"><img loading=\"lazy\" decoding=\"async\" class=\"alignright wp-image-363 size-full\" src=\"http:\/\/www.tc-solvay-rheinberg.de\/wp-content\/uploads\/2015\/07\/linkpic_mitgliedschaft.png\" alt=\"\" width=\"346\" height=\"210\" srcset=\"http:\/\/www.tc-solvay-rheinberg.de\/wp-content\/uploads\/2015\/07\/linkpic_mitgliedschaft.png 346w, http:\/\/www.tc-solvay-rheinberg.de\/wp-content\/uploads\/2015\/07\/linkpic_mitgliedschaft-150x91.png 150w\" sizes=\"auto, (max-width: 346px) 100vw, 346px\" \/><\/a><\/p>\n<p><a href=\"http:\/\/www.tc-solvay-rheinberg.de\/?page_id=24\" data-wplink-edit=\"true\"><img loading=\"lazy\" decoding=\"async\" class=\"alignleft wp-image-370 size-full\" src=\"http:\/\/www.tc-solvay-rheinberg.de\/wp-content\/uploads\/2015\/07\/linkpic_vorstand.png\" alt=\"\" width=\"346\" height=\"210\" srcset=\"http:\/\/www.tc-solvay-rheinberg.de\/wp-content\/uploads\/2015\/07\/linkpic_vorstand.png 346w, http:\/\/www.tc-solvay-rheinberg.de\/wp-content\/uploads\/2015\/07\/linkpic_vorstand-150x91.png 150w\" sizes=\"auto, (max-width: 346px) 100vw, 346px\" \/><\/a><\/p>\n\n\n<figure class=\"wp-block-image size-large is-resized\"><a href=\"http:\/\/www.tc-solvay-rheinberg.de\/?page_id=1297\"><img loading=\"lazy\" decoding=\"async\" src=\"http:\/\/www.tc-solvay-rheinberg.de\/wp-content\/uploads\/2023\/05\/neue-Trikots-4-2000x1506.jpg\" alt=\"\" class=\"wp-image-1307\" width=\"500\" height=\"377\" srcset=\"http:\/\/www.tc-solvay-rheinberg.de\/wp-content\/uploads\/2023\/05\/neue-Trikots-4-2000x1506.jpg 2000w, http:\/\/www.tc-solvay-rheinberg.de\/wp-content\/uploads\/2023\/05\/neue-Trikots-4-512x386.jpg 512w, http:\/\/www.tc-solvay-rheinberg.de\/wp-content\/uploads\/2023\/05\/neue-Trikots-4-150x113.jpg 150w, http:\/\/www.tc-solvay-rheinberg.de\/wp-content\/uploads\/2023\/05\/neue-Trikots-4-768x578.jpg 768w, http:\/\/www.tc-solvay-rheinberg.de\/wp-content\/uploads\/2023\/05\/neue-Trikots-4-1536x1157.jpg 1536w, http:\/\/www.tc-solvay-rheinberg.de\/wp-content\/uploads\/2023\/05\/neue-Trikots-4.jpg 2040w\" sizes=\"auto, (max-width: 500px) 100vw, 500px\" \/><\/a><figcaption>Spiel- und Trainingsshop<\/figcaption><\/figure>\n\n\n\n<p><\/p>\n","protected":false},"excerpt":{"rendered":"<p>Viele aktive Tennisspielerinnen und Spieler in unterschiedlichen Altersklassen und Spielst\u00e4rken, viele Kinder und Jugendliche im Training einer tollen Tennisschule, ein lebhaftes Clubleben mit verschiedenen Veranstaltungen, ein besonderes Clubhaus mit Terrasse und professioneller Gastronomie, eine familienfreundliche Beitragsstruktur, 8 Aschepl\u00e4tze und 3 Hallenpl\u00e4tze (Teppich), Kinderspielplatz, \u00dcbungswand, Boueleplatz auf gro\u00dfr\u00e4umiger Platzanlage. HERZLICH WILLKOMMEN BEIM TC SOLVAY RHEINBERG. News [&hellip;]<\/p>\n","protected":false},"author":1,"featured_media":9,"parent":0,"menu_order":1,"comment_status":"closed","ping_status":"closed","template":"","meta":{"footnotes":""},"class_list":["post-61","page","type-page","status-publish","has-post-thumbnail","hentry"],"_links":{"self":[{"href":"http:\/\/www.tc-solvay-rheinberg.de\/index.php?rest_route=\/wp\/v2\/pages\/61","targetHints":{"allow":["GET"]}}],"collection":[{"href":"http:\/\/www.tc-solvay-rheinberg.de\/index.php?rest_route=\/wp\/v2\/pages"}],"about":[{"href":"http:\/\/www.tc-solvay-rheinberg.de\/index.php?rest_route=\/wp\/v2\/types\/page"}],"author":[{"embeddable":true,"href":"http:\/\/www.tc-solvay-rheinberg.de\/index.php?rest_route=\/wp\/v2\/users\/1"}],"replies":[{"embeddable":true,"href":"http:\/\/www.tc-solvay-rheinberg.de\/index.php?rest_route=%2Fwp%2Fv2%2Fcomments&post=61"}],"version-history":[{"count":19,"href":"http:\/\/www.tc-solvay-rheinberg.de\/index.php?rest_route=\/wp\/v2\/pages\/61\/revisions"}],"predecessor-version":[{"id":1310,"href":"http:\/\/www.tc-solvay-rheinberg.de\/index.php?rest_route=\/wp\/v2\/pages\/61\/revisions\/1310"}],"wp:featuredmedia":[{"embeddable":true,"href":"http:\/\/www.tc-solvay-rheinberg.de\/index.php?rest_route=\/wp\/v2\/media\/9"}],"wp:attachment":[{"href":"http:\/\/www.tc-solvay-rheinberg.de\/index.php?rest_route=%2Fwp%2Fv2%2Fmedia&parent=61"}],"curies":[{"name":"wp","href":"https:\/\/api.w.org\/{rel}","templated":true}]}}