{"id":44,"date":"2015-07-20T00:45:34","date_gmt":"2015-07-19T22:45:34","guid":{"rendered":"http:\/\/wp15.tc-solvay-rheinberg.de\/?page_id=44"},"modified":"2015-08-27T16:58:45","modified_gmt":"2015-08-27T14:58:45","slug":"turniere","status":"publish","type":"page","link":"http:\/\/www.tc-solvay-rheinberg.de\/?page_id=44","title":{"rendered":"Turniere"},"content":{"rendered":"<p style=\"text-align: justify;\">Die Medensaison ist f\u00fcr die Mannschaften immer nur ein kurzer H\u00f6hepunkt der Saison. Dar\u00fcber hinaus gibt es viele verschiedene M\u00f6glichkeiten im Verein oder au\u00dferhalb sich mit anderen im Wettkampf zu messen. Bei internen Turnieren muss dabei nicht immer der sportliche Aspekt und Erfolg im Fokus stehen, sondern es kann auch um das gesellige Miteinander gehen. In den letzten Jahren standen neben den Clubmeisterschaften Doppel-Turniere und der Solvay-Team-Cup im Terminkalender.<\/p>\n<p style=\"text-align: justify;\">Ambitionierte Spielerinnen und Spieler haben heute viele M\u00f6glichkeiten Turniere zu spielen. Neben den offiziellen Meisterschaften auf Stadt-, Kreis- und Bezirksebene hat sich in den letzten Jahren durch die Einf\u00fchrung der Leistungsklassen (LK) eine gro\u00dfe Turnierserie, die LK-Turniere, entwickelt, die Sommer wie Winter in Deutschland l\u00e4uft und bei der man auch im Tennisverband Niederrhein jede Woche \/ jedes Wochenende einige Turniere zur Auswahl vor der Haust\u00fcre hat.<\/p>\n<p style=\"text-align: justify;\"><a href=\"http:\/\/www.tc-solvay-rheinberg.de\/?cat=3\"><img loading=\"lazy\" decoding=\"async\" class=\"alignleft wp-image-158 size-full\" src=\"http:\/\/www.tc-solvay-rheinberg.de\/wp-content\/uploads\/2015\/07\/icon_medenberichte.png\" alt=\"\" width=\"203\" height=\"100\" srcset=\"http:\/\/www.tc-solvay-rheinberg.de\/wp-content\/uploads\/2015\/07\/icon_medenberichte.png 203w, http:\/\/www.tc-solvay-rheinberg.de\/wp-content\/uploads\/2015\/07\/icon_medenberichte-150x74.png 150w\" sizes=\"auto, (max-width: 203px) 100vw, 203px\" \/><\/a> &lt;&lt;&lt; <strong>Aktuelle Beitr\u00e4ge und Infos zu vereinsinternen und teils auch anderen Turnieren auf unserer Seite.<\/strong><\/p>\n<p>&nbsp;<\/p>\n<p>&nbsp;<\/p>\n<p style=\"text-align: justify;\"><a href=\"http:\/\/www.tvpro-online.de\/\" target=\"_blank\"><img loading=\"lazy\" decoding=\"async\" class=\"alignleft wp-image-174 size-full\" src=\"http:\/\/www.tc-solvay-rheinberg.de\/wp-content\/uploads\/2015\/07\/logo_tvpo100x100.jpg\" alt=\"\" width=\"100\" height=\"100\" \/><\/a>&lt;&lt;&lt; Turnierb\u00f6rse und Anmeldeplattform f\u00fcr die meisten LK-Turniere und einige andere.<\/p>\n<p>&nbsp;<\/p>\n<p>&nbsp;<\/p>\n<p>&nbsp;<\/p>\n<p style=\"text-align: justify;\">\u00a0<a href=\"http:\/\/www.dtb-tennis.de\/\" target=\"_blank\"><img loading=\"lazy\" decoding=\"async\" class=\"alignleft wp-image-175 size-full\" src=\"http:\/\/www.tc-solvay-rheinberg.de\/wp-content\/uploads\/2015\/07\/logo_dtb136x100.jpg\" alt=\"\" width=\"136\" height=\"100\" \/><\/a><a href=\"https:\/\/mybigpoint.tennis.de\/\" target=\"_blank\"><img loading=\"lazy\" decoding=\"async\" class=\"alignleft wp-image-190 size-full\" src=\"http:\/\/www.tc-solvay-rheinberg.de\/wp-content\/uploads\/2015\/07\/logo_mybigpoint133x100.jpg\" alt=\"\" width=\"133\" height=\"100\" \/><\/a> &lt;&lt;&lt; Informationen rund um Turniere.<\/p>\n","protected":false},"excerpt":{"rendered":"<p>Die Medensaison ist f\u00fcr die Mannschaften immer nur ein kurzer H\u00f6hepunkt der Saison. Dar\u00fcber hinaus gibt es viele verschiedene M\u00f6glichkeiten im Verein oder au\u00dferhalb sich mit anderen im Wettkampf zu messen. Bei internen Turnieren muss dabei nicht immer der sportliche Aspekt und Erfolg im Fokus stehen, sondern es kann auch um das gesellige Miteinander gehen. [&hellip;]<\/p>\n","protected":false},"author":1,"featured_media":122,"parent":32,"menu_order":3,"comment_status":"closed","ping_status":"closed","template":"","meta":{"footnotes":""},"class_list":["post-44","page","type-page","status-publish","has-post-thumbnail","hentry"],"_links":{"self":[{"href":"http:\/\/www.tc-solvay-rheinberg.de\/index.php?rest_route=\/wp\/v2\/pages\/44","targetHints":{"allow":["GET"]}}],"collection":[{"href":"http:\/\/www.tc-solvay-rheinberg.de\/index.php?rest_route=\/wp\/v2\/pages"}],"about":[{"href":"http:\/\/www.tc-solvay-rheinberg.de\/index.php?rest_route=\/wp\/v2\/types\/page"}],"author":[{"embeddable":true,"href":"http:\/\/www.tc-solvay-rheinberg.de\/index.php?rest_route=\/wp\/v2\/users\/1"}],"replies":[{"embeddable":true,"href":"http:\/\/www.tc-solvay-rheinberg.de\/index.php?rest_route=%2Fwp%2Fv2%2Fcomments&post=44"}],"version-history":[{"count":24,"href":"http:\/\/www.tc-solvay-rheinberg.de\/index.php?rest_route=\/wp\/v2\/pages\/44\/revisions"}],"predecessor-version":[{"id":533,"href":"http:\/\/www.tc-solvay-rheinberg.de\/index.php?rest_route=\/wp\/v2\/pages\/44\/revisions\/533"}],"up":[{"embeddable":true,"href":"http:\/\/www.tc-solvay-rheinberg.de\/index.php?rest_route=\/wp\/v2\/pages\/32"}],"wp:featuredmedia":[{"embeddable":true,"href":"http:\/\/www.tc-solvay-rheinberg.de\/index.php?rest_route=\/wp\/v2\/media\/122"}],"wp:attachment":[{"href":"http:\/\/www.tc-solvay-rheinberg.de\/index.php?rest_route=%2Fwp%2Fv2%2Fmedia&parent=44"}],"curies":[{"name":"wp","href":"https:\/\/api.w.org\/{rel}","templated":true}]}}