{"id":42,"date":"2015-07-20T00:43:50","date_gmt":"2015-07-19T22:43:50","guid":{"rendered":"http:\/\/wp15.tc-solvay-rheinberg.de\/?page_id=42"},"modified":"2023-04-16T16:20:26","modified_gmt":"2023-04-16T14:20:26","slug":"training","status":"publish","type":"page","link":"http:\/\/www.tc-solvay-rheinberg.de\/?page_id=42","title":{"rendered":"Ju-Training"},"content":{"rendered":"<p style=\"text-align: justify;\">Das Training f\u00fcr die Kinder und Jugendlichen findet \u00fcber das gesamte Jahr statt. Im Sommer auf den Aschepl\u00e4tzen und im Winter in der Tennishalle. Durchgef\u00fchrt wird es durch die Trainer unseres Partners, der Tennisschule Artur Wilczek . Koordiniert wird das Training durch die Tennisschule in Verbindung mit unserer Jugendw\u00e4rtin Heike Wiedig.<\/p>\n<p style=\"text-align: justify;\">Ein- bis zweimal &#8211; je nach Wunsch &#8211; trainiert man in der Regel in 3er oder 4er-Gruppen. In einigen F\u00e4llen k\u00f6nnen die Trainingsgruppen auch kleiner sein.<\/p>\n<p style=\"text-align: justify;\">Im M\u00e4rz\/April f\u00fcr den Sommer und im August\/September f\u00fcr den Winter werden die Anmeldeformulare durch die Tennisschule verteilt und im Anschluss der Trainingsplan in Absprache mit der Tennisschule erstellt.<\/p>\n<p style=\"text-align: justify;\">Bei individuellen W\u00fcnsche sollte die Jugendwartin angesprochen werden. \u00dcber das beschriebene Angebot hinaus, bietet die Tennisschule zus\u00e4tzliche Angebote an, die man \u00fcber die Tennisschule erfragen kann.<\/p>\n","protected":false},"excerpt":{"rendered":"<p>Das Training f\u00fcr die Kinder und Jugendlichen findet \u00fcber das gesamte Jahr statt. Im Sommer auf den Aschepl\u00e4tzen und im Winter in der Tennishalle. Durchgef\u00fchrt wird es durch die Trainer unseres Partners, der Tennisschule Artur Wilczek . Koordiniert wird das Training durch die Tennisschule in Verbindung mit unserer Jugendw\u00e4rtin Heike Wiedig. Ein- bis zweimal &#8211; [&hellip;]<\/p>\n","protected":false},"author":1,"featured_media":305,"parent":30,"menu_order":3,"comment_status":"closed","ping_status":"closed","template":"","meta":{"footnotes":""},"class_list":["post-42","page","type-page","status-publish","has-post-thumbnail","hentry"],"_links":{"self":[{"href":"http:\/\/www.tc-solvay-rheinberg.de\/index.php?rest_route=\/wp\/v2\/pages\/42","targetHints":{"allow":["GET"]}}],"collection":[{"href":"http:\/\/www.tc-solvay-rheinberg.de\/index.php?rest_route=\/wp\/v2\/pages"}],"about":[{"href":"http:\/\/www.tc-solvay-rheinberg.de\/index.php?rest_route=\/wp\/v2\/types\/page"}],"author":[{"embeddable":true,"href":"http:\/\/www.tc-solvay-rheinberg.de\/index.php?rest_route=\/wp\/v2\/users\/1"}],"replies":[{"embeddable":true,"href":"http:\/\/www.tc-solvay-rheinberg.de\/index.php?rest_route=%2Fwp%2Fv2%2Fcomments&post=42"}],"version-history":[{"count":12,"href":"http:\/\/www.tc-solvay-rheinberg.de\/index.php?rest_route=\/wp\/v2\/pages\/42\/revisions"}],"predecessor-version":[{"id":1488,"href":"http:\/\/www.tc-solvay-rheinberg.de\/index.php?rest_route=\/wp\/v2\/pages\/42\/revisions\/1488"}],"up":[{"embeddable":true,"href":"http:\/\/www.tc-solvay-rheinberg.de\/index.php?rest_route=\/wp\/v2\/pages\/30"}],"wp:featuredmedia":[{"embeddable":true,"href":"http:\/\/www.tc-solvay-rheinberg.de\/index.php?rest_route=\/wp\/v2\/media\/305"}],"wp:attachment":[{"href":"http:\/\/www.tc-solvay-rheinberg.de\/index.php?rest_route=%2Fwp%2Fv2%2Fmedia&parent=42"}],"curies":[{"name":"wp","href":"https:\/\/api.w.org\/{rel}","templated":true}]}}