{"id":38,"date":"2015-07-20T00:26:54","date_gmt":"2015-07-19T22:26:54","guid":{"rendered":"http:\/\/wp15.tc-solvay-rheinberg.de\/?page_id=38"},"modified":"2022-09-25T10:00:09","modified_gmt":"2022-09-25T08:00:09","slug":"tennisschule-berndsen","status":"publish","type":"page","link":"http:\/\/www.tc-solvay-rheinberg.de\/?page_id=38","title":{"rendered":"Tennisschule Artur Wilczek"},"content":{"rendered":"<p>Seit der Wintersaison 2022 freuen wir uns mit der Tennisschule Artur Wilczek zusammenzuarbeiten. Die Tennisschule arbeitet bereits seit \u00fcber 30 Jahren erfolgreich auf der anderen Rheinseite und ist vom DTB als Deutsche Tennisschule zertifiziert. Es wird ein vielf\u00e4ltiges Angebot \u00fcber die reinen Trainerstunden hinaus angeboten.<\/p>\n<p>Aktionen, wie Kinder in Bewegung- Eltern in Bewegung- Senioren in Bewegung, haben das Ziel die nat\u00fcrliche Freude an der Bewegung wieder zu wecken. Zus\u00e4tzlich wird ein Programm f\u00fcr die Sommerferien angeboten. Die Angebote findet Ihr auf der Seite der Tennisschule unter folgenden Link <a href=\"https:\/\/www.wilczektennis.de\/\">https:\/\/www.wilczektennis.de\/<\/a><\/p>\n<p style=\"text-align: justify;\">\n","protected":false},"excerpt":{"rendered":"<p>Seit der Wintersaison 2022 freuen wir uns mit der Tennisschule Artur Wilczek zusammenzuarbeiten. Die Tennisschule arbeitet bereits seit \u00fcber 30 Jahren erfolgreich auf der anderen Rheinseite und ist vom DTB als Deutsche Tennisschule zertifiziert. Es wird ein vielf\u00e4ltiges Angebot \u00fcber die reinen Trainerstunden hinaus angeboten. Aktionen, wie Kinder in Bewegung- Eltern in Bewegung- Senioren in [&hellip;]<\/p>\n","protected":false},"author":1,"featured_media":980,"parent":30,"menu_order":5,"comment_status":"closed","ping_status":"closed","template":"","meta":{"footnotes":""},"class_list":["post-38","page","type-page","status-publish","has-post-thumbnail","hentry"],"_links":{"self":[{"href":"http:\/\/www.tc-solvay-rheinberg.de\/index.php?rest_route=\/wp\/v2\/pages\/38","targetHints":{"allow":["GET"]}}],"collection":[{"href":"http:\/\/www.tc-solvay-rheinberg.de\/index.php?rest_route=\/wp\/v2\/pages"}],"about":[{"href":"http:\/\/www.tc-solvay-rheinberg.de\/index.php?rest_route=\/wp\/v2\/types\/page"}],"author":[{"embeddable":true,"href":"http:\/\/www.tc-solvay-rheinberg.de\/index.php?rest_route=\/wp\/v2\/users\/1"}],"replies":[{"embeddable":true,"href":"http:\/\/www.tc-solvay-rheinberg.de\/index.php?rest_route=%2Fwp%2Fv2%2Fcomments&post=38"}],"version-history":[{"count":15,"href":"http:\/\/www.tc-solvay-rheinberg.de\/index.php?rest_route=\/wp\/v2\/pages\/38\/revisions"}],"predecessor-version":[{"id":1239,"href":"http:\/\/www.tc-solvay-rheinberg.de\/index.php?rest_route=\/wp\/v2\/pages\/38\/revisions\/1239"}],"up":[{"embeddable":true,"href":"http:\/\/www.tc-solvay-rheinberg.de\/index.php?rest_route=\/wp\/v2\/pages\/30"}],"wp:featuredmedia":[{"embeddable":true,"href":"http:\/\/www.tc-solvay-rheinberg.de\/index.php?rest_route=\/wp\/v2\/media\/980"}],"wp:attachment":[{"href":"http:\/\/www.tc-solvay-rheinberg.de\/index.php?rest_route=%2Fwp%2Fv2%2Fmedia&parent=38"}],"curies":[{"name":"wp","href":"https:\/\/api.w.org\/{rel}","templated":true}]}}