{"id":204,"date":"2015-07-20T18:12:44","date_gmt":"2015-07-20T16:12:44","guid":{"rendered":"http:\/\/wp15.tc-solvay-rheinberg.de\/?page_id=204"},"modified":"2022-09-08T07:39:09","modified_gmt":"2022-09-08T05:39:09","slug":"leistungsklassen","status":"publish","type":"page","link":"http:\/\/www.tc-solvay-rheinberg.de\/?page_id=204","title":{"rendered":"Leistungsklassen"},"content":{"rendered":"<p style=\"text-align: justify;\">Seit einigen Jahren gibt es die Leistungsklassen, die j\u00e4hrlich zum 01. Oktober f\u00fcr ein Jahr festgeschrieben werden. W\u00e4hrend der Ranglistenspieler in der LK01 eingestuft wird, beginnt der Anf\u00e4nger in der LK23. Im Lauf des Jahres kann man sich durch Erfolge bei Medenspielen, Meisterschaften und Turnieren mit LK-Wertung Punkte und Bonuspunkte gem\u00e4\u00df der LK-Wertung verdienen um dann seine eigene Leistungsklasse nach oben zu verbessern.<\/p>\n<p><a href=\"https:\/\/spieler.tennis.de\/group\/guest\/spielersuche?p_p_id=de_tennis_mybigpoint_search_person_PersonSearchPortlet&amp;p_p_lifecycle=0&amp;p_p_state=normal&amp;p_p_mode=view&amp;_de_tennis_mybigpoint_search_person_PersonSearchPortlet_javax.portlet.action=switchTab&amp;_de_tennis_mybigpoint_search_person_PersonSearchPortlet_selectedTab=person-search-tab-quick-search&amp;p_auth=a1HnqNQF\" target=\"_blank\" rel=\"noopener\"><img loading=\"lazy\" decoding=\"async\" class=\"alignleft wp-image-205 size-full\" src=\"http:\/\/www.tc-solvay-rheinberg.de\/wp-content\/uploads\/2015\/07\/logo_leistungsklassen.png\" alt=\"\" width=\"196\" height=\"100\" srcset=\"http:\/\/www.tc-solvay-rheinberg.de\/wp-content\/uploads\/2015\/07\/logo_leistungsklassen.png 196w, http:\/\/www.tc-solvay-rheinberg.de\/wp-content\/uploads\/2015\/07\/logo_leistungsklassen-150x77.png 150w\" sizes=\"auto, (max-width: 196px) 100vw, 196px\" \/><\/a>&lt;&lt;&lt; Abfrage der Leistungsklassen f\u00fcr Spieler des Tennisverbands Niederrhein.<\/p>\n","protected":false},"excerpt":{"rendered":"<p>Seit einigen Jahren gibt es die Leistungsklassen, die j\u00e4hrlich zum 01. Oktober f\u00fcr ein Jahr festgeschrieben werden. W\u00e4hrend der Ranglistenspieler in der LK01 eingestuft wird, beginnt der Anf\u00e4nger in der LK23. Im Lauf des Jahres kann man sich durch Erfolge bei Medenspielen, Meisterschaften und Turnieren mit LK-Wertung Punkte und Bonuspunkte gem\u00e4\u00df der LK-Wertung verdienen um [&hellip;]<\/p>\n","protected":false},"author":1,"featured_media":205,"parent":32,"menu_order":5,"comment_status":"closed","ping_status":"closed","template":"","meta":{"footnotes":""},"class_list":["post-204","page","type-page","status-publish","has-post-thumbnail","hentry"],"_links":{"self":[{"href":"http:\/\/www.tc-solvay-rheinberg.de\/index.php?rest_route=\/wp\/v2\/pages\/204","targetHints":{"allow":["GET"]}}],"collection":[{"href":"http:\/\/www.tc-solvay-rheinberg.de\/index.php?rest_route=\/wp\/v2\/pages"}],"about":[{"href":"http:\/\/www.tc-solvay-rheinberg.de\/index.php?rest_route=\/wp\/v2\/types\/page"}],"author":[{"embeddable":true,"href":"http:\/\/www.tc-solvay-rheinberg.de\/index.php?rest_route=\/wp\/v2\/users\/1"}],"replies":[{"embeddable":true,"href":"http:\/\/www.tc-solvay-rheinberg.de\/index.php?rest_route=%2Fwp%2Fv2%2Fcomments&post=204"}],"version-history":[{"count":6,"href":"http:\/\/www.tc-solvay-rheinberg.de\/index.php?rest_route=\/wp\/v2\/pages\/204\/revisions"}],"predecessor-version":[{"id":1223,"href":"http:\/\/www.tc-solvay-rheinberg.de\/index.php?rest_route=\/wp\/v2\/pages\/204\/revisions\/1223"}],"up":[{"embeddable":true,"href":"http:\/\/www.tc-solvay-rheinberg.de\/index.php?rest_route=\/wp\/v2\/pages\/32"}],"wp:featuredmedia":[{"embeddable":true,"href":"http:\/\/www.tc-solvay-rheinberg.de\/index.php?rest_route=\/wp\/v2\/media\/205"}],"wp:attachment":[{"href":"http:\/\/www.tc-solvay-rheinberg.de\/index.php?rest_route=%2Fwp%2Fv2%2Fmedia&parent=204"}],"curies":[{"name":"wp","href":"https:\/\/api.w.org\/{rel}","templated":true}]}}